{"id":1852,"date":"2021-01-15T00:57:51","date_gmt":"2021-01-15T00:57:51","guid":{"rendered":"https:\/\/elainediogo.com.br\/site\/?page_id=1852"},"modified":"2024-09-02T15:06:41","modified_gmt":"2024-09-02T15:06:41","slug":"quem-somos","status":"publish","type":"page","link":"https:\/\/elainediogo.com.br\/site\/quem-somos\/","title":{"rendered":"Quem Somos"},"content":{"rendered":"<p>[et_pb_section bb_built=&#8221;1&#8243; _builder_version=&#8221;4.4.7&#8243; next_background_color=&#8221;#000000&#8243;][et_pb_row column_structure=&#8221;1_3,2_3&#8243; _builder_version=&#8221;4.4.7&#8243;][et_pb_column type=&#8221;1_3&#8243; _builder_version=&#8221;4.4.7&#8243;][et_pb_image src=&#8221;https:\/\/elainediogo.com.br\/site\/wp-content\/uploads\/2021\/02\/foto_elaine.jpg&#8221; title_text=&#8221;foto_elaine&#8221; show_bottom_space=&#8221;off&#8221; _builder_version=&#8221;4.4.5&#8243; background_color_tablet=&#8221;#8332ac&#8221; background_last_edited=&#8221;off|phone&#8221; background_enable_color_tablet=&#8221;on&#8221; border_radii_tablet=&#8221;on||||&#8221; border_radii_last_edited=&#8221;off|tablet&#8221; box_shadow_style=&#8221;preset1&#8243; box_shadow_vertical=&#8221;0px&#8221; box_shadow_blur=&#8221;0px&#8221; box_shadow_color=&#8221;rgba(0,0,0,0.14)&#8221; box_shadow_vertical_tablet=&#8221;3px&#8221; box_shadow_vertical_last_edited=&#8221;on|phone&#8221; box_shadow_blur_tablet=&#8221;20px&#8221; box_shadow_blur_last_edited=&#8221;on|tablet&#8221; \/][\/et_pb_column][et_pb_column type=&#8221;2_3&#8243; _builder_version=&#8221;4.4.7&#8243;][et_pb_text _builder_version=&#8221;4.4.5&#8243; header_5_font=&#8221;|600||on|||||&#8221; header_5_text_color=&#8221;#8332ac&#8221; header_5_font_size=&#8221;15px&#8221; header_5_letter_spacing=&#8221;2px&#8221; custom_margin=&#8221;||5px||false|false&#8221;]<\/p>\n<h5>Quem somos?<\/h5>\n<p>[\/et_pb_text][et_pb_text _builder_version=&#8221;4.4.5&#8243; header_3_font=&#8221;|700|||||||&#8221; header_3_font_size=&#8221;30px&#8221; header_3_line_height=&#8221;1.3em&#8221; custom_margin=&#8221;||18px|||&#8221;]<\/p>\n<h3>Elaine Diogo<\/h3>\n<p>[\/et_pb_text][et_pb_text _builder_version=&#8221;4.4.5&#8243; text_font_size=&#8221;15px&#8221; dsm_modules_overlay_background=&#8221;rgba(0,0,0,0.8)&#8221; dsm_modules_close_icon_color=&#8221;rgba(255,255,255,0.65)&#8221; vertical_offset_tablet=&#8221;0&#8243; horizontal_offset_tablet=&#8221;0&#8243; z_index_tablet=&#8221;0&#8243;]<\/p>\n<p>Fundada em 17 de Junho de 2009. Desde ent\u00e3o, somos especializados na loca\u00e7\u00e3o de im\u00f3veis em S\u00e3o Manuel. Al\u00e9m de bom atendimento e credibilidade, tamb\u00e9m oferecemos uma estrutura completa para oferecer uma maior seguran\u00e7a e transpar\u00eancia nos neg\u00f3cios ao nosso cliente, garantindo sempre sua satisfa\u00e7\u00e3o total.<\/p>\n<p>Nos diferenciamos justamente pela experi\u00eancia adquirida na intermedia\u00e7\u00e3o de im\u00f3veis usados, onde as partes t\u00eam vontades e necessidades diferentes, mas pela habilidade de um profissional capacitado e devidamente treinado, convergem para a realiza\u00e7\u00e3o de um neg\u00f3cio transparente e sem v\u00edcios, realizando a vontade de ambos.<\/p>\n<p>Com uma estrutura organizacional baseada na confian\u00e7a, enxuta, por\u00e9m s\u00f3lida, onde o bem maior s\u00e3o as pessoas e o comprometimento de prestar servi\u00e7os r\u00e1pidos, eficazes e com seguran\u00e7a.<br \/>Se voc\u00ea procura um novo lar, uma nova sede para o seu neg\u00f3cio, ou quer anunciar seu im\u00f3vel para aluguel ou apenas fazer uma avalia\u00e7\u00e3o com qualifica\u00e7\u00e3o do CNAI 16.478 ( Conselho Nacional de Avaliadores de Im\u00f3veis) em S\u00e3o Manuel e regi\u00e3o, a Elaine Diogo Corretora de Im\u00f3veis \u00e9 a imobili\u00e1ria certa e possui dezenas de op\u00e7\u00f5es de im\u00f3veis onde voc\u00ea vai encontrar os melhores empreendimentos para comprar, vender e avaliar seu im\u00f3vel com seguran\u00e7a, agilidade e tranquilidade<\/p>\n<p>Venha nos fazer uma visita, h\u00e1 onze anos com voc\u00ea e sua fam\u00edlia!<\/p>\n<p>\u00a0<\/p>\n<p>\u00a0<\/p>\n<p><em><strong>Elaine Diogo Neg\u00f3cios Imobili\u00e1rios.<\/strong><\/em><br \/><em><strong>A sua casa est\u00e1 aqui!<\/strong><\/em><\/p>\n<p>\u00a0<\/p>\n<p>\u00a0<\/p>\n<p>[\/et_pb_text][\/et_pb_column][\/et_pb_row][\/et_pb_section][et_pb_section bb_built=&#8221;1&#8243; _builder_version=&#8221;4.4.5&#8243; use_background_color_gradient=&#8221;on&#8221; background_color_gradient_start=&#8221;#002440&#8243; background_color_gradient_end=&#8221;rgba(93,43,150,0.77)&#8221; background_color_gradient_direction=&#8221;218deg&#8221; background_color_gradient_overlays_image=&#8221;on&#8221; background_image=&#8221;https:\/\/elainediogo.com.br\/site\/wp-content\/uploads\/2021\/01\/building-metal-house-architecture-101808.jpg&#8221; custom_margin=&#8221;115px|||||&#8221; saved_tabs=&#8221;all&#8221; prev_background_color=&#8221;#ffffff&#8221; global_module=&#8221;1855&#8243;][et_pb_row global_parent=&#8221;1855&#8243; _builder_version=&#8221;4.4.7&#8243;][et_pb_column type=&#8221;4_4&#8243; global_parent=&#8221;1855&#8243; _builder_version=&#8221;4.4.7&#8243;][et_pb_text global_parent=&#8221;1855&#8243; _builder_version=&#8221;4.4.5&#8243; header_3_font=&#8221;|600|||||||&#8221; header_3_text_color=&#8221;#ffffff&#8221; header_3_font_size=&#8221;37px&#8221; header_3_line_height=&#8221;1.5em&#8221; custom_margin=&#8221;||8px|||&#8221; header_3_font_size_phone=&#8221;25px&#8221; header_3_font_size_last_edited=&#8221;on|phone&#8221;]<\/p>\n<h3 style=\"text-align: center;\">Anuncie seu im\u00f3vel com a gente!<\/h3>\n<p>[\/et_pb_text][et_pb_text global_parent=&#8221;1855&#8243; _builder_version=&#8221;4.4.5&#8243; text_text_color=&#8221;#ffffff&#8221; width=&#8221;50%&#8221; width_tablet=&#8221;100%&#8221; width_phone=&#8221;100%&#8221; width_last_edited=&#8221;on|tablet&#8221; module_alignment=&#8221;center&#8221;]<\/p>\n<p style=\"text-align: center;\"><b>Clique no bot\u00e3o abaixo e fale comigo pelo Whatsapp!<\/b><\/p>\n<p>[\/et_pb_text][et_pb_button global_parent=&#8221;1855&#8243; button_url=&#8221;https:\/\/api.whatsapp.com\/send?phone=5514991031247&amp;text=ShalomSite&#8221; button_text=&#8221;CHAMA NO WHATS!&#8221; button_alignment=&#8221;center&#8221; _builder_version=&#8221;4.4.5&#8243; custom_button=&#8221;on&#8221; button_text_color=&#8221;#002440&#8243; button_bg_color=&#8221;#7cda24&#8243; button_border_width=&#8221;0px&#8221; button_border_radius=&#8221;5px&#8221; button_letter_spacing=&#8221;2px&#8221; button_font=&#8221;|700|||||||&#8221; button_use_icon=&#8221;off&#8221; custom_padding=&#8221;10px|40px|10px|40px|true|true&#8221; locked=&#8221;off&#8221; \/][\/et_pb_column][\/et_pb_row][\/et_pb_section]<\/p>\n<div style=\"padding-bottom:20px; padding-top:10px;\" class=\"hupso-share-buttons\"><!-- Hupso Share Buttons - https:\/\/www.hupso.com\/share\/ --><a class=\"hupso_counters\" href=\"https:\/\/www.hupso.com\/share\/\"><img src=\"https:\/\/static.hupso.com\/share\/buttons\/dot.png\" style=\"border:0px; padding-top:2px; float:left;\" alt=\"Share Button\"\/><\/a><script type=\"text\/javascript\">var hupso_services_c=new Array(\"twitter\",\"facebook_like\",\"facebook_send\",\"google\",\"pinterest\",\"email\",\"print\",\"linkedin\");var hupso_counters_lang = \"pt_BR\";var hupso_image_folder_url = \"\";var hupso_url_c=\"\";var hupso_title_c=\"Quem%20Somos\";<\/script><script type=\"text\/javascript\" src=\"https:\/\/static.hupso.com\/share\/js\/counters.js\"><\/script><!-- Hupso Share Buttons --><\/div>","protected":false},"excerpt":{"rendered":"<p>[et_pb_section bb_built=&#8221;1&#8243; _builder_version=&#8221;4.4.7&#8243; next_background_color=&#8221;#000000&#8243;][et_pb_row column_structure=&#8221;1_3,2_3&#8243; _builder_version=&#8221;4.4.7&#8243;][et_pb_column type=&#8221;1_3&#8243; _builder_version=&#8221;4.4.7&#8243;][et_pb_image src=&#8221;https:\/\/elainediogo.com.br\/site\/wp-content\/uploads\/2021\/02\/foto_elaine.jpg&#8221; title_text=&#8221;foto_elaine&#8221; show_bottom_space=&#8221;off&#8221; _builder_version=&#8221;4.4.5&#8243; background_color_tablet=&#8221;#8332ac&#8221; background_last_edited=&#8221;off|phone&#8221; background_enable_color_tablet=&#8221;on&#8221; border_radii_tablet=&#8221;on||||&#8221; border_radii_last_edited=&#8221;off|tablet&#8221; box_shadow_style=&#8221;preset1&#8243; box_shadow_vertical=&#8221;0px&#8221; box_shadow_blur=&#8221;0px&#8221; box_shadow_color=&#8221;rgba(0,0,0,0.14)&#8221; box_shadow_vertical_tablet=&#8221;3px&#8221; box_shadow_vertical_last_edited=&#8221;on|phone&#8221; box_shadow_blur_tablet=&#8221;20px&#8221; box_shadow_blur_last_edited=&#8221;on|tablet&#8221; \/][\/et_pb_column][et_pb_column type=&#8221;2_3&#8243; _builder_version=&#8221;4.4.7&#8243;][et_pb_text _builder_version=&#8221;4.4.5&#8243; header_5_font=&#8221;|600||on|||||&#8221; header_5_text_color=&#8221;#8332ac&#8221; header_5_font_size=&#8221;15px&#8221; header_5_letter_spacing=&#8221;2px&#8221; custom_margin=&#8221;||5px||false|false&#8221;] Quem somos? [\/et_pb_text][et_pb_text _builder_version=&#8221;4.4.5&#8243; header_3_font=&#8221;|700|||||||&#8221; header_3_font_size=&#8221;30px&#8221; header_3_line_height=&#8221;1.3em&#8221; custom_margin=&#8221;||18px|||&#8221;] Elaine Diogo [\/et_pb_text][et_pb_text _builder_version=&#8221;4.4.5&#8243; text_font_size=&#8221;15px&#8221; dsm_modules_overlay_background=&#8221;rgba(0,0,0,0.8)&#8221; dsm_modules_close_icon_color=&#8221;rgba(255,255,255,0.65)&#8221; vertical_offset_tablet=&#8221;0&#8243; horizontal_offset_tablet=&#8221;0&#8243; z_index_tablet=&#8221;0&#8243;] Fundada em 17 [&hellip;]<\/p>\n","protected":false},"author":1,"featured_media":0,"parent":0,"menu_order":11,"comment_status":"closed","ping_status":"closed","template":"","meta":{"_et_pb_use_builder":"on","_et_pb_old_content":"","_et_gb_content_width":""},"_links":{"self":[{"href":"https:\/\/elainediogo.com.br\/site\/wp-json\/wp\/v2\/pages\/1852"}],"collection":[{"href":"https:\/\/elainediogo.com.br\/site\/wp-json\/wp\/v2\/pages"}],"about":[{"href":"https:\/\/elainediogo.com.br\/site\/wp-json\/wp\/v2\/types\/page"}],"author":[{"embeddable":true,"href":"https:\/\/elainediogo.com.br\/site\/wp-json\/wp\/v2\/users\/1"}],"replies":[{"embeddable":true,"href":"https:\/\/elainediogo.com.br\/site\/wp-json\/wp\/v2\/comments?post=1852"}],"version-history":[{"count":7,"href":"https:\/\/elainediogo.com.br\/site\/wp-json\/wp\/v2\/pages\/1852\/revisions"}],"predecessor-version":[{"id":3629,"href":"https:\/\/elainediogo.com.br\/site\/wp-json\/wp\/v2\/pages\/1852\/revisions\/3629"}],"wp:attachment":[{"href":"https:\/\/elainediogo.com.br\/site\/wp-json\/wp\/v2\/media?parent=1852"}],"curies":[{"name":"wp","href":"https:\/\/api.w.org\/{rel}","templated":true}]}}