{"id":1868,"date":"2021-01-15T02:32:06","date_gmt":"2021-01-15T02:32:06","guid":{"rendered":"https:\/\/elainediogo.com.br\/site\/quem-somos-copy\/"},"modified":"2025-04-16T20:16:30","modified_gmt":"2025-04-16T20:16:30","slug":"agencie","status":"publish","type":"page","link":"https:\/\/elainediogo.com.br\/site\/agencie\/","title":{"rendered":"Agencie Conosco"},"content":{"rendered":"<p>[et_pb_section bb_built=&#8221;1&#8243; _builder_version=&#8221;4.4.7&#8243; next_background_color=&#8221;#000000&#8243;][et_pb_row _builder_version=&#8221;4.4.7&#8243;][et_pb_column type=&#8221;4_4&#8243; _builder_version=&#8221;4.4.7&#8243;][et_pb_text _builder_version=&#8221;4.4.5&#8243; header_5_font=&#8221;|600||on|||||&#8221; header_5_text_color=&#8221;#8332ac&#8221; header_5_font_size=&#8221;15px&#8221; header_5_letter_spacing=&#8221;2px&#8221; custom_margin=&#8221;||5px||false|false&#8221;]<\/p>\n<h5>Estamos aqui para te ajudar!<\/h5>\n<p>[\/et_pb_text][et_pb_text _builder_version=&#8221;4.4.5&#8243; header_3_font=&#8221;|700|||||||&#8221; header_3_font_size=&#8221;30px&#8221; header_3_line_height=&#8221;1.3em&#8221; custom_margin=&#8221;||18px|||&#8221;]<\/p>\n<h3>Ag\u00eancie conosco!<\/h3>\n<p>[\/et_pb_text][et_pb_text _builder_version=&#8221;4.4.5&#8243; text_font_size=&#8221;15px&#8221; dsm_modules_overlay_background=&#8221;rgba(0,0,0,0.8)&#8221; dsm_modules_close_icon_color=&#8221;rgba(255,255,255,0.65)&#8221; vertical_offset_tablet=&#8221;0&#8243; horizontal_offset_tablet=&#8221;0&#8243; z_index_tablet=&#8221;0&#8243;]<\/p>\n<p>Encaminhe o texto abaixo com os seus dados para o email <a href=\"mailto:elainediogocorretora@gmail.com\" target=\"_blank\" rel=\"noopener\">elainediogocorretora@gmail.com<\/a><\/p>\n<p>[\/et_pb_text][\/et_pb_column][\/et_pb_row][et_pb_row _builder_version=&#8221;4.4.5&#8243;][et_pb_column type=&#8221;4_4&#8243; _builder_version=&#8221;4.4.5&#8243;][et_pb_text _builder_version=&#8221;4.4.5&#8243; text_font_size=&#8221;15px&#8221; custom_margin=&#8221;35px|||||&#8221;]<\/p>\n<p style=\"text-align: center;\"><strong>TERMO DE AUTORIZA\u00c7\u00c3O<\/strong><\/p>\n<p>&nbsp;<\/p>\n<p>&nbsp;<\/p>\n<p>Eu, ___________________ , portador do CPF \/ CNPJ de n\u00famero __________________, RG de n\u00famero ______________________ autorizo a pessoa Jur\u00eddica de direito privado ELAINE DIOGO CORRETORA DE\u00a0 IM\u00d3VEIS CRECI 106.091 promover e efetuar a venda do im\u00f3vel referido ( \u00a0) com exclusividade ou (\u00a0 ) sem exclusividade, pelo valor R$ _________, pelo prazo de _____ dias a contar desta data.<\/p>\n<p>O valor de corretagem convencionada desde j\u00e1 em ( \u00a0) 6% pessoa f\u00edsica ou ( \u00a0) 5% pessoa Jur\u00eddica, sobre o valor total da venda.<\/p>\n<p>Declaro ainda entregar o im\u00f3vel em perfeitas condi\u00e7\u00f5es de uso, habita\u00e7\u00e3o e conforme os dados aqui preenchidos.<\/p>\n<\/p>\n<p>&nbsp;<\/p>\n<p>*\u00a0D\u00favidas entre em contato pelo telefone: (14) 3841-1247 ou 99103-1247<\/p>\n<p>[\/et_pb_text][\/et_pb_column][\/et_pb_row][et_pb_row _builder_version=&#8221;4.4.5&#8243; custom_padding=&#8221;136px|||||&#8221;][et_pb_column type=&#8221;4_4&#8243; _builder_version=&#8221;4.4.5&#8243;][et_pb_button button_text=&#8221;Baixar em Word&#8221; _builder_version=&#8221;4.4.5&#8243; button_alignment=&#8221;center&#8221; custom_button=&#8221;on&#8221; button_text_color=&#8221;#002440&#8243; button_bg_color=&#8221;#7cda24&#8243; button_border_width=&#8221;0px&#8221; button_border_radius=&#8221;5px&#8221; button_letter_spacing=&#8221;2px&#8221; button_font=&#8221;|700|||||||&#8221; button_use_icon=&#8221;off&#8221; custom_padding=&#8221;10px|40px|10px|40px|true|true&#8221; button_url=&#8221;https:\/\/elainediogo.com.br\/site\/wp-content\/uploads\/2021\/01\/TERMO-DE-AUTORIZACAO.doc&#8221; url_new_window=&#8221;on&#8221; hover_enabled=&#8221;0&#8243;]<\/p>\n<p>[\/et_pb_button][\/et_pb_column][\/et_pb_row][\/et_pb_section][et_pb_section bb_built=&#8221;1&#8243; _builder_version=&#8221;4.4.5&#8243; use_background_color_gradient=&#8221;on&#8221; background_color_gradient_start=&#8221;#002440&#8243; background_color_gradient_end=&#8221;rgba(93,43,150,0.77)&#8221; background_color_gradient_direction=&#8221;218deg&#8221; background_color_gradient_overlays_image=&#8221;on&#8221; background_image=&#8221;https:\/\/elainediogo.com.br\/site\/wp-content\/uploads\/2021\/01\/building-metal-house-architecture-101808.jpg&#8221; custom_margin=&#8221;115px|||||&#8221; saved_tabs=&#8221;all&#8221; prev_background_color=&#8221;#ffffff&#8221; global_module=&#8221;1855&#8243;][et_pb_row global_parent=&#8221;1855&#8243; _builder_version=&#8221;4.4.7&#8243;][et_pb_column type=&#8221;4_4&#8243; global_parent=&#8221;1855&#8243; _builder_version=&#8221;4.4.7&#8243;][et_pb_text global_parent=&#8221;1855&#8243; _builder_version=&#8221;4.4.5&#8243; header_3_font=&#8221;|600|||||||&#8221; header_3_text_color=&#8221;#ffffff&#8221; header_3_font_size=&#8221;37px&#8221; header_3_line_height=&#8221;1.5em&#8221; custom_margin=&#8221;||8px|||&#8221; header_3_font_size_phone=&#8221;25px&#8221; header_3_font_size_last_edited=&#8221;on|phone&#8221;]<\/p>\n<h3 style=\"text-align: center;\">Anuncie seu im\u00f3vel com a gente!<\/h3>\n<p>[\/et_pb_text][et_pb_text global_parent=&#8221;1855&#8243; _builder_version=&#8221;4.4.5&#8243; text_text_color=&#8221;#ffffff&#8221; width=&#8221;50%&#8221; width_tablet=&#8221;100%&#8221; width_phone=&#8221;100%&#8221; width_last_edited=&#8221;on|tablet&#8221; module_alignment=&#8221;center&#8221;]<\/p>\n<p style=\"text-align: center;\"><b>Clique no bot\u00e3o abaixo e fale comigo pelo Whatsapp!<\/b><\/p>\n<p>[\/et_pb_text][et_pb_button global_parent=&#8221;1855&#8243; button_url=&#8221;https:\/\/api.whatsapp.com\/send?phone=5514991031247&amp;text=ShalomSite&#8221; button_text=&#8221;CHAMA NO WHATS!&#8221; button_alignment=&#8221;center&#8221; _builder_version=&#8221;4.4.5&#8243; custom_button=&#8221;on&#8221; button_text_color=&#8221;#002440&#8243; button_bg_color=&#8221;#7cda24&#8243; button_border_width=&#8221;0px&#8221; button_border_radius=&#8221;5px&#8221; button_letter_spacing=&#8221;2px&#8221; button_font=&#8221;|700|||||||&#8221; button_use_icon=&#8221;off&#8221; custom_padding=&#8221;10px|40px|10px|40px|true|true&#8221; locked=&#8221;off&#8221; \/][\/et_pb_column][\/et_pb_row][\/et_pb_section]<\/p>\n<div style=\"padding-bottom:20px; padding-top:10px;\" class=\"hupso-share-buttons\"><!-- Hupso Share Buttons - https:\/\/www.hupso.com\/share\/ --><a class=\"hupso_counters\" href=\"https:\/\/www.hupso.com\/share\/\"><img src=\"https:\/\/static.hupso.com\/share\/buttons\/dot.png\" style=\"border:0px; padding-top:2px; float:left;\" alt=\"Share Button\"\/><\/a><script type=\"text\/javascript\">var hupso_services_c=new Array(\"twitter\",\"facebook_like\",\"facebook_send\",\"google\",\"pinterest\",\"email\",\"print\",\"linkedin\");var hupso_counters_lang = \"pt_BR\";var hupso_image_folder_url = \"\";var hupso_url_c=\"\";var hupso_title_c=\"Agencie%20Conosco\";<\/script><script type=\"text\/javascript\" src=\"https:\/\/static.hupso.com\/share\/js\/counters.js\"><\/script><!-- Hupso Share Buttons --><\/div>","protected":false},"excerpt":{"rendered":"<p>[et_pb_section bb_built=&#8221;1&#8243; _builder_version=&#8221;4.4.7&#8243; next_background_color=&#8221;#000000&#8243;][et_pb_row _builder_version=&#8221;4.4.7&#8243;][et_pb_column type=&#8221;4_4&#8243; _builder_version=&#8221;4.4.7&#8243;][et_pb_text _builder_version=&#8221;4.4.5&#8243; header_5_font=&#8221;|600||on|||||&#8221; header_5_text_color=&#8221;#8332ac&#8221; header_5_font_size=&#8221;15px&#8221; header_5_letter_spacing=&#8221;2px&#8221; custom_margin=&#8221;||5px||false|false&#8221;] Estamos aqui para te ajudar! [\/et_pb_text][et_pb_text _builder_version=&#8221;4.4.5&#8243; header_3_font=&#8221;|700|||||||&#8221; header_3_font_size=&#8221;30px&#8221; header_3_line_height=&#8221;1.3em&#8221; custom_margin=&#8221;||18px|||&#8221;] Ag\u00eancie conosco! [\/et_pb_text][et_pb_text _builder_version=&#8221;4.4.5&#8243; text_font_size=&#8221;15px&#8221; dsm_modules_overlay_background=&#8221;rgba(0,0,0,0.8)&#8221; dsm_modules_close_icon_color=&#8221;rgba(255,255,255,0.65)&#8221; vertical_offset_tablet=&#8221;0&#8243; horizontal_offset_tablet=&#8221;0&#8243; z_index_tablet=&#8221;0&#8243;] Encaminhe o texto abaixo com os seus dados para o email elainediogocorretora@gmail.com [\/et_pb_text][\/et_pb_column][\/et_pb_row][et_pb_row _builder_version=&#8221;4.4.5&#8243;][et_pb_column type=&#8221;4_4&#8243; _builder_version=&#8221;4.4.5&#8243;][et_pb_text _builder_version=&#8221;4.4.5&#8243; text_font_size=&#8221;15px&#8221; custom_margin=&#8221;35px|||||&#8221;] TERMO DE [&hellip;]<\/p>\n","protected":false},"author":1,"featured_media":0,"parent":0,"menu_order":4,"comment_status":"closed","ping_status":"closed","template":"","meta":{"_et_pb_use_builder":"on","_et_pb_old_content":"","_et_gb_content_width":""},"_links":{"self":[{"href":"https:\/\/elainediogo.com.br\/site\/wp-json\/wp\/v2\/pages\/1868"}],"collection":[{"href":"https:\/\/elainediogo.com.br\/site\/wp-json\/wp\/v2\/pages"}],"about":[{"href":"https:\/\/elainediogo.com.br\/site\/wp-json\/wp\/v2\/types\/page"}],"author":[{"embeddable":true,"href":"https:\/\/elainediogo.com.br\/site\/wp-json\/wp\/v2\/users\/1"}],"replies":[{"embeddable":true,"href":"https:\/\/elainediogo.com.br\/site\/wp-json\/wp\/v2\/comments?post=1868"}],"version-history":[{"count":11,"href":"https:\/\/elainediogo.com.br\/site\/wp-json\/wp\/v2\/pages\/1868\/revisions"}],"predecessor-version":[{"id":2936,"href":"https:\/\/elainediogo.com.br\/site\/wp-json\/wp\/v2\/pages\/1868\/revisions\/2936"}],"wp:attachment":[{"href":"https:\/\/elainediogo.com.br\/site\/wp-json\/wp\/v2\/media?parent=1868"}],"curies":[{"name":"wp","href":"https:\/\/api.w.org\/{rel}","templated":true}]}}